{"id":88,"date":"2019-03-16T16:54:52","date_gmt":"2019-03-16T16:54:52","guid":{"rendered":"http:\/\/gruenpohl.de\/?page_id=88"},"modified":"2019-05-02T10:36:17","modified_gmt":"2019-05-02T10:36:17","slug":"impressum","status":"publish","type":"page","link":"http:\/\/gruenpohl.de\/?page_id=88","title":{"rendered":"Impressum"},"content":{"rendered":"\n<h2 class=\"wp-block-heading\"><\/h2>\n\n\n\n<p>Impressum&nbsp;<\/p>\n\n\n\n<p>Angaben gem\u00e4\u00df \u00a7 5 TMG:<\/p>\n\n\n\n<p>Anabell Pohl<br>Gr\u00fcnpohl<\/p>\n\n\n\n<p><br>Else-Epstein-Weg 7<br>60435 Frankfurt am Main<\/p>\n\n\n\n<p>Kontakt: 0156 78581082<\/p>\n\n\n\n<p><br>E-Mail:&nbsp;<a href=\"mailto:info@permoser.de\">info@gr\u00fcnpohl.de<\/a><\/p>\n\n\n\n<p>Umsatzsteuer:<\/p>\n\n\n\n<p>Umsatzsteuer-Identifikationsnummer gem\u00e4\u00df \u00a727 a Umsatzsteuergesetz:<br>DE&nbsp;84017216953<strong><em><\/em><\/strong><\/p>\n\n\n\n<p>Verantwortlich f\u00fcr den Inhalt nach \u00a7 55 Abs. 2 RStV:<\/p>\n\n\n\n<p>Anabell Pohl<br>Else-Epstein-Weg 7<br>60435 Frankfurt<\/p>\n\n\n\n<p>Streitschlichtung<\/p>\n\n\n\n<p>Wir sind nicht bereit oder verpflichtet, an Streitbeilegungsverfahren vor einer Verbraucherschlichtungsstelle teilzunehmen.<\/p>\n\n\n\n<p>Haftung f\u00fcr Inhalte<\/p>\n\n\n\n<p>Als Diensteanbieter sind wir gem\u00e4\u00df \u00a7 7 Abs.1 TMG f\u00fcr eigene Inhalte auf diesen Seiten nach den allgemeinen Gesetzen verantwortlich. Nach \u00a7\u00a7 8 bis 10 TMG sind wir als Diensteanbieter jedoch nicht verpflichtet, \u00fcbermittelte oder gespeicherte fremde Informationen zu \u00fcberwachen oder nach Umst\u00e4nden zu forschen, die auf eine rechtswidrige T\u00e4tigkeit hinweisen.<\/p>\n\n\n\n<p>Verpflichtungen zur Entfernung oder Sperrung der Nutzung von Informationen nach den allgemeinen Gesetzen bleiben hiervon unber\u00fchrt. Eine diesbez\u00fcgliche Haftung ist jedoch erst ab dem Zeitpunkt der Kenntnis einer konkreten Rechtsverletzung m\u00f6glich. Bei Bekanntwerden von entsprechenden Rechtsverletzungen werden wir diese Inhalte umgehend entfernen.<\/p>\n\n\n\n<p>Haftung f\u00fcr Links<\/p>\n\n\n\n<p>Unser Angebot enth\u00e4lt Links zu externen Websites Dritter, auf deren Inhalte wir keinen Einfluss haben. Deshalb k\u00f6nnen wir f\u00fcr diese fremden Inhalte auch keine Gew\u00e4hr \u00fcbernehmen. F\u00fcr die Inhalte der verlinkten Seiten ist stets der jeweilige Anbieter oder Betreiber der Seiten verantwortlich. Die verlinkten Seiten wurden zum Zeitpunkt der Verlinkung auf m\u00f6gliche Rechtsverst\u00f6\u00dfe \u00fcberpr\u00fcft. Rechtswidrige Inhalte waren zum Zeitpunkt der Verlinkung nicht erkennbar.<\/p>\n\n\n\n<p>Eine permanente inhaltliche Kontrolle der verlinkten Seiten ist jedoch ohne konkrete Anhaltspunkte einer Rechtsverletzung nicht zumutbar. Bei Bekanntwerden von Rechtsverletzungen werden wir derartige Links umgehend entfernen.<\/p>\n\n\n\n<p>Urheberrecht<\/p>\n\n\n\n<p>Die durch die Seitenbetreiber erstellten Inhalte und Werke auf diesen Seiten unterliegen dem deutschen Urheberrecht. Die Vervielf\u00e4ltigung, Bearbeitung, Verbreitung und jede Art der Verwertung au\u00dferhalb der Grenzen des Urheberrechtes bed\u00fcrfen der schriftlichen Zustimmung des jeweiligen Autors bzw. Erstellers. Downloads und Kopien dieser Seite sind nur f\u00fcr den privaten, nicht kommerziellen Gebrauch gestattet.<\/p>\n\n\n\n<p>Soweit die Inhalte auf dieser Seite nicht vom Betreiber erstellt wurden, werden die Urheberrechte Dritter beachtet. Insbesondere werden Inhalte Dritter als solche gekennzeichnet. Sollten Sie trotzdem auf eine Urheberrechtsverletzung aufmerksam werden, bitten wir um einen entsprechenden Hinweis. Bei Bekanntwerden von Rechtsverletzungen werden wir derartige Inhalte umgehend entfernen.<\/p>\n\n\n\n<p>Marken&nbsp;<\/p>\n\n\n\n<p>Alle auf der Internetpr\u00e4senz genannten und ggf. durch Dritte gesch\u00fctzten Marken- und Warenzeichen unterliegen uneingeschr\u00e4nkt den Bestimmungen des jeweils g\u00fcltigen Kennzeichenrechts und den Besitzrechten der jeweils eingetragenen Eigent\u00fcmer. Allein aufgrund der blo\u00dfen Nennung ist nicht der Schluss zu ziehen, dass Markenzeichen nicht durch Rechte Dritter gesch\u00fctzt sind. Eine Vervielf\u00e4ltigung, Verbreitung oder Verwendung solcher Abbildungen, Tondokumente, Videos und Texte in anderen elektronischen oder gedruckten Publikationen ist ohne ausdr\u00fcckliche schriftliche Zustimmung des Rechteinhabers \u2013 i.A. des Eigent\u00fcmers \u2013 nicht gestattet. Gr\u00fcnpohl \u00fcbernimmt keine Haftung f\u00fcr unverlangt eingesandte Materialien und hierdurch ggf. entstehende Urheberrechtsverletzungen. Dar\u00fcber hinaus beh\u00e4lt sich Gr\u00fcnpohl das Recht vor, \u00c4nderungen oder Erg\u00e4nzungen der bereitgestellten Informationen vorzunehmen. Inhalt und Struktur der Web-Seiten von Gr\u00fcnpohl sind urheberrechtlich gesch\u00fctzt. Die Vervielf\u00e4ltigung von Inhalten oder Daten, insbesondere die Verwendung von Texten, Textteilen oder Bildmaterial bedarf der vorherigen schriftlichen Zustimmung von Gr\u00fcnpohl.<\/p>\n\n\n\n<p>Werbung&nbsp;<\/p>\n\n\n\n<p>Gr\u00fcnpohl w\u00fcnscht keinerlei Werbe-Emails. Es ist untersagt, die auf den Internetseiten befindlichen Personendaten, Adressen und E-Mail-Adressen ohne schriftliche Zustimmung in Mailing-Listen, Newsletter oder Datensammlungen zu nutzen. Gr\u00fcnpohl widerspricht der Nutzung oder \u00dcbermittlung aller Daten dieser Internetpr\u00e4senz f\u00fcr Werbezwecke oder Markt- und Meinungsforschung (\u00a7 28 Absatz 3+4 Bundesdatenschutzgesetz).<\/p>\n\n\n\n<p>Quellenangaben f\u00fcr die verwendeten Bilder und Grafiken&nbsp;<\/p>\n\n\n\n<p><a href=\"http:\/\/www.fotolia.de\/\">http:\/\/www.fotolia.de<\/a><br>fotomek<br>kentoh&nbsp;<br>Oleksiy Mark<br>aleksvf&nbsp;<br>Petr Ciz<\/p>\n\n\n\n<ul class=\"wp-block-list\"><li>&nbsp;<\/li><li>Impressum<\/li><\/ul>\n\n\n\n<p><\/p>\n","protected":false},"excerpt":{"rendered":"<p>Impressum&nbsp; Angaben gem\u00e4\u00df \u00a7 5 TMG: Anabell PohlGr\u00fcnpohl Else-Epstein-Weg 760435 Frankfurt am Main Kontakt: 0156 78581082 E-Mail:&nbsp;info@gr\u00fcnpohl.de Umsatzsteuer: Umsatzsteuer-Identifikationsnummer gem\u00e4\u00df \u00a727 a Umsatzsteuergesetz:DE&nbsp;84017216953 Verantwortlich f\u00fcr den Inhalt nach \u00a7 55 Abs. 2 RStV: Anabell PohlElse-Epstein-Weg 760435 Frankfurt Streitschlichtung Wir sind nicht bereit oder verpflichtet, an Streitbeilegungsverfahren vor einer Verbraucherschlichtungsstelle teilzunehmen. Haftung f\u00fcr Inhalte Als Diensteanbieter &hellip;<\/p>\n","protected":false},"author":1,"featured_media":0,"parent":0,"menu_order":0,"comment_status":"closed","ping_status":"closed","template":"","meta":{"jetpack_post_was_ever_published":false,"footnotes":""},"class_list":["post-88","page","type-page","status-publish","hentry","no-thumb"],"jetpack_sharing_enabled":true,"jetpack_shortlink":"https:\/\/wp.me\/PaWNN6-1q","_links":{"self":[{"href":"http:\/\/gruenpohl.de\/index.php?rest_route=\/wp\/v2\/pages\/88","targetHints":{"allow":["GET"]}}],"collection":[{"href":"http:\/\/gruenpohl.de\/index.php?rest_route=\/wp\/v2\/pages"}],"about":[{"href":"http:\/\/gruenpohl.de\/index.php?rest_route=\/wp\/v2\/types\/page"}],"author":[{"embeddable":true,"href":"http:\/\/gruenpohl.de\/index.php?rest_route=\/wp\/v2\/users\/1"}],"replies":[{"embeddable":true,"href":"http:\/\/gruenpohl.de\/index.php?rest_route=%2Fwp%2Fv2%2Fcomments&post=88"}],"version-history":[{"count":5,"href":"http:\/\/gruenpohl.de\/index.php?rest_route=\/wp\/v2\/pages\/88\/revisions"}],"predecessor-version":[{"id":281,"href":"http:\/\/gruenpohl.de\/index.php?rest_route=\/wp\/v2\/pages\/88\/revisions\/281"}],"wp:attachment":[{"href":"http:\/\/gruenpohl.de\/index.php?rest_route=%2Fwp%2Fv2%2Fmedia&parent=88"}],"curies":[{"name":"wp","href":"https:\/\/api.w.org\/{rel}","templated":true}]}}